{"id":400,"date":"2020-04-27T06:45:25","date_gmt":"2020-04-27T06:45:25","guid":{"rendered":"https:\/\/ra3dak.com\/radio-equipment-image\/?page_id=400"},"modified":"2022-03-27T18:29:00","modified_gmt":"2022-03-27T18:29:00","slug":"r809m2-vhf-radiostation","status":"publish","type":"page","link":"https:\/\/ra3dak.com\/radio-equipment-image\/r809m2-vhf-radiostation\/","title":{"rendered":"R-809M2 VHF Radiostation"},"content":{"rendered":"\n<hr class=\"wp-block-separator\"\/>\n\n\n\n<div class=\"wp-block-image\"><figure class=\"aligncenter size-full\"><a href=\"https:\/\/ra3dak.com\/radio-equipment-image\/wp-content\/uploads\/2022\/03\/R-809M2-VHF-Radiostation-1.jpg\" target=\"_blank\" rel=\"noopener\"><img loading=\"lazy\" decoding=\"async\" width=\"1023\" height=\"684\" src=\"https:\/\/ra3dak.com\/radio-equipment-image\/wp-content\/uploads\/2022\/03\/R-809M2-VHF-Radiostation-1.jpg\" alt=\"R-809M2 VHF Radiostation for the identified first air zone. We used mostly just as a backup radio for the connection with the aircraft on short distances.\" class=\"wp-image-1190\" title=\"R-809M2 VHF Radiostation\" srcset=\"https:\/\/ra3dak.com\/radio-equipment-image\/wp-content\/uploads\/2022\/03\/R-809M2-VHF-Radiostation-1.jpg 1023w, https:\/\/ra3dak.com\/radio-equipment-image\/wp-content\/uploads\/2022\/03\/R-809M2-VHF-Radiostation-1-300x201.jpg 300w, https:\/\/ra3dak.com\/radio-equipment-image\/wp-content\/uploads\/2022\/03\/R-809M2-VHF-Radiostation-1-768x514.jpg 768w\" sizes=\"auto, (max-width: 1023px) 100vw, 1023px\" \/><\/a><\/figure><\/div>\n\n\n\n<h2 class=\"wp-block-heading\"><strong>R-809M2 VHF Radiostation for the identified first air zone. We used mostly just as a backup radio for the connection with the aircraft on short distances. <\/strong><\/h2>\n\n\n\n<p>The radio is equipped with the semiconductor outside of the output stage of the transmitter, which is fitted with 3x used 1P24. Range of working frequencies 100MHz &#8211; 149,975 MHz adjustable using the radio buttons in the grid of around 25kHz. A total of 2000 channels. The receiver radio is a superhet with dvoj\u00edmsm\u011b\u0161ov\u00e1n\u00edm and his involvement is the same as for the receiver type R-870M. The declared RF output of the transmitter is 500mW.<\/p>\n\n\n\n<div class=\"wp-block-image\"><figure class=\"aligncenter size-full\"><a href=\"https:\/\/ra3dak.com\/radio-equipment-image\/wp-content\/uploads\/2022\/03\/R-809M2-VHF-Radiostation-2.jpg\" target=\"_blank\" rel=\"noopener\"><img loading=\"lazy\" decoding=\"async\" width=\"997\" height=\"656\" src=\"https:\/\/ra3dak.com\/radio-equipment-image\/wp-content\/uploads\/2022\/03\/R-809M2-VHF-Radiostation-2.jpg\" alt=\"R-809M2 VHF Radiostation for the identified first air zone. We used mostly just as a backup radio for the connection with the aircraft on short distances.\" class=\"wp-image-1186\" title=\"R-809M2 VHF Radiostation\" srcset=\"https:\/\/ra3dak.com\/radio-equipment-image\/wp-content\/uploads\/2022\/03\/R-809M2-VHF-Radiostation-2.jpg 997w, https:\/\/ra3dak.com\/radio-equipment-image\/wp-content\/uploads\/2022\/03\/R-809M2-VHF-Radiostation-2-300x197.jpg 300w, https:\/\/ra3dak.com\/radio-equipment-image\/wp-content\/uploads\/2022\/03\/R-809M2-VHF-Radiostation-2-768x505.jpg 768w\" sizes=\"auto, (max-width: 997px) 100vw, 997px\" \/><\/a><\/figure><\/div>\n\n\n\n<p>The receiver and oscillator is solved exactly the same as receiver for R-870M. The radio station was supplied speaker with built-in active amplifier. The supply voltage to the station is 11 &#8211; 13,5 V can be powered in two ways. Of the two accumulators 2NKN-24 in a separate box. Power source from the network 220\/127V AC. This source can even recharge the battery block containing the battery 2NKN-24. Power consumption of the radio during transmission is about 12W.<\/p>\n\n\n\n<div class=\"wp-block-image\"><figure class=\"aligncenter size-full\"><a href=\"https:\/\/ra3dak.com\/radio-equipment-image\/wp-content\/uploads\/2022\/03\/R-809M2-VHF-Radiostation-3.jpg\" target=\"_blank\" rel=\"noopener\"><img loading=\"lazy\" decoding=\"async\" width=\"1024\" height=\"672\" src=\"https:\/\/ra3dak.com\/radio-equipment-image\/wp-content\/uploads\/2022\/03\/R-809M2-VHF-Radiostation-3.jpg\" alt=\"R-809M2 VHF Radiostation for the identified first air zone. We used mostly just as a backup radio for the connection with the aircraft on short distances.\" class=\"wp-image-1187\" title=\"R-809M2 VHF Radiostation\" srcset=\"https:\/\/ra3dak.com\/radio-equipment-image\/wp-content\/uploads\/2022\/03\/R-809M2-VHF-Radiostation-3.jpg 1024w, https:\/\/ra3dak.com\/radio-equipment-image\/wp-content\/uploads\/2022\/03\/R-809M2-VHF-Radiostation-3-300x197.jpg 300w, https:\/\/ra3dak.com\/radio-equipment-image\/wp-content\/uploads\/2022\/03\/R-809M2-VHF-Radiostation-3-768x504.jpg 768w\" sizes=\"auto, (max-width: 1024px) 100vw, 1024px\" \/><\/a><\/figure><\/div>\n\n\n\n<div class=\"wp-block-image\"><figure class=\"aligncenter size-full\"><a href=\"https:\/\/ra3dak.com\/radio-equipment-image\/wp-content\/uploads\/2022\/03\/R-809M2-VHF-Radiostation-4.jpg\" target=\"_blank\" rel=\"noopener\"><img loading=\"lazy\" decoding=\"async\" width=\"976\" height=\"742\" src=\"https:\/\/ra3dak.com\/radio-equipment-image\/wp-content\/uploads\/2022\/03\/R-809M2-VHF-Radiostation-4.jpg\" alt=\"R-809M2 VHF Radiostation for the identified first air zone. We used mostly just as a backup radio for the connection with the aircraft on short distances.\" class=\"wp-image-1188\" title=\"R-809M2 VHF Radiostation\" srcset=\"https:\/\/ra3dak.com\/radio-equipment-image\/wp-content\/uploads\/2022\/03\/R-809M2-VHF-Radiostation-4.jpg 976w, https:\/\/ra3dak.com\/radio-equipment-image\/wp-content\/uploads\/2022\/03\/R-809M2-VHF-Radiostation-4-300x228.jpg 300w, https:\/\/ra3dak.com\/radio-equipment-image\/wp-content\/uploads\/2022\/03\/R-809M2-VHF-Radiostation-4-768x584.jpg 768w\" sizes=\"auto, (max-width: 976px) 100vw, 976px\" \/><\/a><\/figure><\/div>\n\n\n\n<div class=\"wp-block-image\"><figure class=\"aligncenter size-full\"><a href=\"https:\/\/ra3dak.com\/radio-equipment-image\/wp-content\/uploads\/2022\/03\/R-809M2-VHF-Radiostation-5.jpg\" target=\"_blank\" rel=\"noopener\"><img loading=\"lazy\" decoding=\"async\" width=\"1023\" height=\"677\" src=\"https:\/\/ra3dak.com\/radio-equipment-image\/wp-content\/uploads\/2022\/03\/R-809M2-VHF-Radiostation-5.jpg\" alt=\"R-809M2 VHF Radiostation for the identified first air zone. We used mostly just as a backup radio for the connection with the aircraft on short distances.\" class=\"wp-image-1189\" title=\"R-809M2 VHF Radiostation\" srcset=\"https:\/\/ra3dak.com\/radio-equipment-image\/wp-content\/uploads\/2022\/03\/R-809M2-VHF-Radiostation-5.jpg 1023w, https:\/\/ra3dak.com\/radio-equipment-image\/wp-content\/uploads\/2022\/03\/R-809M2-VHF-Radiostation-5-300x199.jpg 300w, https:\/\/ra3dak.com\/radio-equipment-image\/wp-content\/uploads\/2022\/03\/R-809M2-VHF-Radiostation-5-768x508.jpg 768w\" sizes=\"auto, (max-width: 1023px) 100vw, 1023px\" \/><\/a><\/figure><\/div>\n","protected":false},"excerpt":{"rendered":"<p>R-809M2 VHF Radiostation for the identified first air zone. We used mostly just as a backup radio for the connection with the aircraft on short distances. The radio is equipped with the semiconductor outside of the output stage of the transmitter, which is fitted with 3x used 1P24. Range of working frequencies 100MHz &#8211; 149,975 &#8230; <a title=\"R-809M2 VHF Radiostation\" class=\"read-more\" href=\"https:\/\/ra3dak.com\/radio-equipment-image\/r809m2-vhf-radiostation\/\" aria-label=\"Read more about R-809M2 VHF Radiostation\">Read more<\/a><\/p>\n","protected":false},"author":1,"featured_media":0,"parent":0,"menu_order":0,"comment_status":"closed","ping_status":"closed","template":"","meta":{"footnotes":""},"class_list":["post-400","page","type-page","status-publish"],"yoast_head":"<!-- This site is optimized with the Yoast SEO plugin v27.3 - https:\/\/yoast.com\/product\/yoast-seo-wordpress\/ -->\n<title>R-809M2 VHF Radiostation &#8211; Radio Equipment Image<\/title>\n<meta name=\"description\" content=\"R-809M2 VHF Radiostation for the identified first air zone. We used mostly just as a backup radio for the connection with the aircraft on short distances.\" \/>\n<meta name=\"robots\" content=\"index, follow, max-snippet:-1, max-image-preview:large, max-video-preview:-1\" \/>\n<link rel=\"canonical\" href=\"https:\/\/ra3dak.com\/radio-equipment-image\/r809m2-vhf-radiostation\/\" \/>\n<meta property=\"og:locale\" content=\"en_US\" \/>\n<meta property=\"og:type\" content=\"article\" \/>\n<meta property=\"og:title\" content=\"R-809M2 VHF Radiostation &#8211; Radio Equipment Image\" \/>\n<meta property=\"og:description\" content=\"R-809M2 VHF Radiostation for the identified first air zone. We used mostly just as a backup radio for the connection with the aircraft on short distances.\" \/>\n<meta property=\"og:url\" content=\"https:\/\/ra3dak.com\/radio-equipment-image\/r809m2-vhf-radiostation\/\" \/>\n<meta property=\"og:site_name\" content=\"Radio Equipment Image\" \/>\n<meta property=\"article:publisher\" content=\"https:\/\/www.facebook.com\/overlandtravel.org\/\" \/>\n<meta property=\"article:modified_time\" content=\"2022-03-27T18:29:00+00:00\" \/>\n<meta property=\"og:image\" content=\"https:\/\/ra3dak.com\/radio-equipment-image\/wp-content\/uploads\/2022\/03\/R-809M2-VHF-Radiostation-1.jpg\" \/>\n<meta name=\"twitter:card\" content=\"summary_large_image\" \/>\n<meta name=\"twitter:site\" content=\"@overland_travel\" \/>\n<meta name=\"twitter:label1\" content=\"Est. reading time\" \/>\n\t<meta name=\"twitter:data1\" content=\"2 minutes\" \/>\n<script type=\"application\/ld+json\" class=\"yoast-schema-graph\">{\"@context\":\"https:\\\/\\\/schema.org\",\"@graph\":[{\"@type\":\"WebPage\",\"@id\":\"https:\\\/\\\/ra3dak.com\\\/radio-equipment-image\\\/r809m2-vhf-radiostation\\\/\",\"url\":\"https:\\\/\\\/ra3dak.com\\\/radio-equipment-image\\\/r809m2-vhf-radiostation\\\/\",\"name\":\"R-809M2 VHF Radiostation &#8211; Radio Equipment Image\",\"isPartOf\":{\"@id\":\"https:\\\/\\\/ra3dak.com\\\/radio-equipment-image\\\/#website\"},\"primaryImageOfPage\":{\"@id\":\"https:\\\/\\\/ra3dak.com\\\/radio-equipment-image\\\/r809m2-vhf-radiostation\\\/#primaryimage\"},\"image\":{\"@id\":\"https:\\\/\\\/ra3dak.com\\\/radio-equipment-image\\\/r809m2-vhf-radiostation\\\/#primaryimage\"},\"thumbnailUrl\":\"https:\\\/\\\/ra3dak.com\\\/radio-equipment-image\\\/wp-content\\\/uploads\\\/2022\\\/03\\\/R-809M2-VHF-Radiostation-1.jpg\",\"datePublished\":\"2020-04-27T06:45:25+00:00\",\"dateModified\":\"2022-03-27T18:29:00+00:00\",\"description\":\"R-809M2 VHF Radiostation for the identified first air zone. We used mostly just as a backup radio for the connection with the aircraft on short distances.\",\"breadcrumb\":{\"@id\":\"https:\\\/\\\/ra3dak.com\\\/radio-equipment-image\\\/r809m2-vhf-radiostation\\\/#breadcrumb\"},\"inLanguage\":\"en-US\",\"potentialAction\":[{\"@type\":\"ReadAction\",\"target\":[\"https:\\\/\\\/ra3dak.com\\\/radio-equipment-image\\\/r809m2-vhf-radiostation\\\/\"]}]},{\"@type\":\"ImageObject\",\"inLanguage\":\"en-US\",\"@id\":\"https:\\\/\\\/ra3dak.com\\\/radio-equipment-image\\\/r809m2-vhf-radiostation\\\/#primaryimage\",\"url\":\"https:\\\/\\\/ra3dak.com\\\/radio-equipment-image\\\/wp-content\\\/uploads\\\/2022\\\/03\\\/R-809M2-VHF-Radiostation-1.jpg\",\"contentUrl\":\"https:\\\/\\\/ra3dak.com\\\/radio-equipment-image\\\/wp-content\\\/uploads\\\/2022\\\/03\\\/R-809M2-VHF-Radiostation-1.jpg\",\"width\":1023,\"height\":684,\"caption\":\"R-809M2 VHF Radiostation for the identified first air zone. We used mostly just as a backup radio for the connection with the aircraft on short distances.\"},{\"@type\":\"BreadcrumbList\",\"@id\":\"https:\\\/\\\/ra3dak.com\\\/radio-equipment-image\\\/r809m2-vhf-radiostation\\\/#breadcrumb\",\"itemListElement\":[{\"@type\":\"ListItem\",\"position\":1,\"name\":\"Home\",\"item\":\"https:\\\/\\\/ra3dak.com\\\/radio-equipment-image\\\/\"},{\"@type\":\"ListItem\",\"position\":2,\"name\":\"R-809M2 VHF Radiostation\"}]},{\"@type\":\"WebSite\",\"@id\":\"https:\\\/\\\/ra3dak.com\\\/radio-equipment-image\\\/#website\",\"url\":\"https:\\\/\\\/ra3dak.com\\\/radio-equipment-image\\\/\",\"name\":\"Radio Equipment Image\",\"description\":\"Photographs radio receiver, radio transmitter, antenna, measuring device, radio part.\",\"potentialAction\":[{\"@type\":\"SearchAction\",\"target\":{\"@type\":\"EntryPoint\",\"urlTemplate\":\"https:\\\/\\\/ra3dak.com\\\/radio-equipment-image\\\/?s={search_term_string}\"},\"query-input\":{\"@type\":\"PropertyValueSpecification\",\"valueRequired\":true,\"valueName\":\"search_term_string\"}}],\"inLanguage\":\"en-US\"}]}<\/script>\n<!-- \/ Yoast SEO plugin. -->","yoast_head_json":{"title":"R-809M2 VHF Radiostation &#8211; Radio Equipment Image","description":"R-809M2 VHF Radiostation for the identified first air zone. We used mostly just as a backup radio for the connection with the aircraft on short distances.","robots":{"index":"index","follow":"follow","max-snippet":"max-snippet:-1","max-image-preview":"max-image-preview:large","max-video-preview":"max-video-preview:-1"},"canonical":"https:\/\/ra3dak.com\/radio-equipment-image\/r809m2-vhf-radiostation\/","og_locale":"en_US","og_type":"article","og_title":"R-809M2 VHF Radiostation &#8211; Radio Equipment Image","og_description":"R-809M2 VHF Radiostation for the identified first air zone. We used mostly just as a backup radio for the connection with the aircraft on short distances.","og_url":"https:\/\/ra3dak.com\/radio-equipment-image\/r809m2-vhf-radiostation\/","og_site_name":"Radio Equipment Image","article_publisher":"https:\/\/www.facebook.com\/overlandtravel.org\/","article_modified_time":"2022-03-27T18:29:00+00:00","og_image":[{"url":"https:\/\/ra3dak.com\/radio-equipment-image\/wp-content\/uploads\/2022\/03\/R-809M2-VHF-Radiostation-1.jpg","type":"","width":"","height":""}],"twitter_card":"summary_large_image","twitter_site":"@overland_travel","twitter_misc":{"Est. reading time":"2 minutes"},"schema":{"@context":"https:\/\/schema.org","@graph":[{"@type":"WebPage","@id":"https:\/\/ra3dak.com\/radio-equipment-image\/r809m2-vhf-radiostation\/","url":"https:\/\/ra3dak.com\/radio-equipment-image\/r809m2-vhf-radiostation\/","name":"R-809M2 VHF Radiostation &#8211; Radio Equipment Image","isPartOf":{"@id":"https:\/\/ra3dak.com\/radio-equipment-image\/#website"},"primaryImageOfPage":{"@id":"https:\/\/ra3dak.com\/radio-equipment-image\/r809m2-vhf-radiostation\/#primaryimage"},"image":{"@id":"https:\/\/ra3dak.com\/radio-equipment-image\/r809m2-vhf-radiostation\/#primaryimage"},"thumbnailUrl":"https:\/\/ra3dak.com\/radio-equipment-image\/wp-content\/uploads\/2022\/03\/R-809M2-VHF-Radiostation-1.jpg","datePublished":"2020-04-27T06:45:25+00:00","dateModified":"2022-03-27T18:29:00+00:00","description":"R-809M2 VHF Radiostation for the identified first air zone. We used mostly just as a backup radio for the connection with the aircraft on short distances.","breadcrumb":{"@id":"https:\/\/ra3dak.com\/radio-equipment-image\/r809m2-vhf-radiostation\/#breadcrumb"},"inLanguage":"en-US","potentialAction":[{"@type":"ReadAction","target":["https:\/\/ra3dak.com\/radio-equipment-image\/r809m2-vhf-radiostation\/"]}]},{"@type":"ImageObject","inLanguage":"en-US","@id":"https:\/\/ra3dak.com\/radio-equipment-image\/r809m2-vhf-radiostation\/#primaryimage","url":"https:\/\/ra3dak.com\/radio-equipment-image\/wp-content\/uploads\/2022\/03\/R-809M2-VHF-Radiostation-1.jpg","contentUrl":"https:\/\/ra3dak.com\/radio-equipment-image\/wp-content\/uploads\/2022\/03\/R-809M2-VHF-Radiostation-1.jpg","width":1023,"height":684,"caption":"R-809M2 VHF Radiostation for the identified first air zone. We used mostly just as a backup radio for the connection with the aircraft on short distances."},{"@type":"BreadcrumbList","@id":"https:\/\/ra3dak.com\/radio-equipment-image\/r809m2-vhf-radiostation\/#breadcrumb","itemListElement":[{"@type":"ListItem","position":1,"name":"Home","item":"https:\/\/ra3dak.com\/radio-equipment-image\/"},{"@type":"ListItem","position":2,"name":"R-809M2 VHF Radiostation"}]},{"@type":"WebSite","@id":"https:\/\/ra3dak.com\/radio-equipment-image\/#website","url":"https:\/\/ra3dak.com\/radio-equipment-image\/","name":"Radio Equipment Image","description":"Photographs radio receiver, radio transmitter, antenna, measuring device, radio part.","potentialAction":[{"@type":"SearchAction","target":{"@type":"EntryPoint","urlTemplate":"https:\/\/ra3dak.com\/radio-equipment-image\/?s={search_term_string}"},"query-input":{"@type":"PropertyValueSpecification","valueRequired":true,"valueName":"search_term_string"}}],"inLanguage":"en-US"}]}},"_links":{"self":[{"href":"https:\/\/ra3dak.com\/radio-equipment-image\/wp-json\/wp\/v2\/pages\/400","targetHints":{"allow":["GET"]}}],"collection":[{"href":"https:\/\/ra3dak.com\/radio-equipment-image\/wp-json\/wp\/v2\/pages"}],"about":[{"href":"https:\/\/ra3dak.com\/radio-equipment-image\/wp-json\/wp\/v2\/types\/page"}],"author":[{"embeddable":true,"href":"https:\/\/ra3dak.com\/radio-equipment-image\/wp-json\/wp\/v2\/users\/1"}],"replies":[{"embeddable":true,"href":"https:\/\/ra3dak.com\/radio-equipment-image\/wp-json\/wp\/v2\/comments?post=400"}],"version-history":[{"count":9,"href":"https:\/\/ra3dak.com\/radio-equipment-image\/wp-json\/wp\/v2\/pages\/400\/revisions"}],"predecessor-version":[{"id":1196,"href":"https:\/\/ra3dak.com\/radio-equipment-image\/wp-json\/wp\/v2\/pages\/400\/revisions\/1196"}],"wp:attachment":[{"href":"https:\/\/ra3dak.com\/radio-equipment-image\/wp-json\/wp\/v2\/media?parent=400"}],"curies":[{"name":"wp","href":"https:\/\/api.w.org\/{rel}","templated":true}]}}